{"id":2061,"date":"2022-04-14T14:55:24","date_gmt":"2022-04-14T14:55:24","guid":{"rendered":"https:\/\/vracattitude.com\/zitat\/"},"modified":"2024-06-11T18:13:13","modified_gmt":"2024-06-11T18:13:13","slug":"zitat","status":"publish","type":"page","link":"https:\/\/vracattitude.com\/de\/zitat\/","title":{"rendered":"Zitat"},"content":{"rendered":"<h1>Fordern Sie ein Angebot an<\/h1>\n","protected":false},"excerpt":{"rendered":"<p>Fordern Sie ein Angebot an<\/p>\n","protected":false},"author":1,"featured_media":2563,"parent":0,"menu_order":0,"comment_status":"closed","ping_status":"closed","template":"","meta":{"footnotes":""},"class_list":["post-2061","page","type-page","status-publish","has-post-thumbnail","hentry"],"yoast_head":"<!-- This site is optimized with the Yoast SEO plugin v27.1.1 - https:\/\/yoast.com\/product\/yoast-seo-wordpress\/ -->\n<title>Angebot anfordern - La Vrac Attitude<\/title>\n<meta name=\"description\" content=\"Holen Sie sich Ihr pers\u00f6nliches Angebot f\u00fcr kunststofffreie Beh\u00e4lter und Silos aus Edelstahl und Glas.\" \/>\n<meta name=\"robots\" content=\"index, follow, max-snippet:-1, max-image-preview:large, max-video-preview:-1\" \/>\n<link rel=\"canonical\" href=\"https:\/\/vracattitude.com\/de\/zitat\/\" \/>\n<meta property=\"og:locale\" content=\"de_DE\" \/>\n<meta property=\"og:type\" content=\"article\" \/>\n<meta property=\"og:title\" content=\"Angebot anfordern - La Vrac Attitude\" \/>\n<meta property=\"og:description\" content=\"Holen Sie sich Ihr pers\u00f6nliches Angebot f\u00fcr kunststofffreie Beh\u00e4lter und Silos aus Edelstahl und Glas.\" \/>\n<meta property=\"og:url\" content=\"https:\/\/vracattitude.com\/de\/zitat\/\" \/>\n<meta property=\"og:site_name\" content=\"La Vrac Attitude\" \/>\n<meta property=\"article:modified_time\" content=\"2024-06-11T18:13:13+00:00\" \/>\n<meta property=\"og:image\" content=\"https:\/\/vracattitude.com\/wp-content\/uploads\/2024\/06\/La-Vrac-Attitude-Hulot-sur-silo-20231222.png\" \/>\n\t<meta property=\"og:image:width\" content=\"335\" \/>\n\t<meta property=\"og:image:height\" content=\"745\" \/>\n\t<meta property=\"og:image:type\" content=\"image\/png\" \/>\n<meta name=\"twitter:card\" content=\"summary_large_image\" \/>\n<script type=\"application\/ld+json\" class=\"yoast-schema-graph\">{\"@context\":\"https:\/\/schema.org\",\"@graph\":[{\"@type\":\"WebPage\",\"@id\":\"https:\/\/vracattitude.com\/de\/zitat\/\",\"url\":\"https:\/\/vracattitude.com\/de\/zitat\/\",\"name\":\"Angebot anfordern - La Vrac Attitude\",\"isPartOf\":{\"@id\":\"https:\/\/vracattitude.com\/de\/#website\"},\"primaryImageOfPage\":{\"@id\":\"https:\/\/vracattitude.com\/de\/zitat\/#primaryimage\"},\"image\":{\"@id\":\"https:\/\/vracattitude.com\/de\/zitat\/#primaryimage\"},\"thumbnailUrl\":\"https:\/\/vracattitude.com\/wp-content\/uploads\/2024\/06\/La-Vrac-Attitude-Hulot-sur-silo-20231222.png\",\"datePublished\":\"2022-04-14T14:55:24+00:00\",\"dateModified\":\"2024-06-11T18:13:13+00:00\",\"description\":\"Holen Sie sich Ihr pers\u00f6nliches Angebot f\u00fcr kunststofffreie Beh\u00e4lter und Silos aus Edelstahl und Glas.\",\"breadcrumb\":{\"@id\":\"https:\/\/vracattitude.com\/de\/zitat\/#breadcrumb\"},\"inLanguage\":\"de\",\"potentialAction\":[{\"@type\":\"ReadAction\",\"target\":[\"https:\/\/vracattitude.com\/de\/zitat\/\"]}]},{\"@type\":\"ImageObject\",\"inLanguage\":\"de\",\"@id\":\"https:\/\/vracattitude.com\/de\/zitat\/#primaryimage\",\"url\":\"https:\/\/vracattitude.com\/wp-content\/uploads\/2024\/06\/La-Vrac-Attitude-Hulot-sur-silo-20231222.png\",\"contentUrl\":\"https:\/\/vracattitude.com\/wp-content\/uploads\/2024\/06\/La-Vrac-Attitude-Hulot-sur-silo-20231222.png\",\"width\":335,\"height\":745,\"caption\":\"Option hublot fen\u00eatre sur le module silo\"},{\"@type\":\"BreadcrumbList\",\"@id\":\"https:\/\/vracattitude.com\/de\/zitat\/#breadcrumb\",\"itemListElement\":[{\"@type\":\"ListItem\",\"position\":1,\"name\":\"Accueil\",\"item\":\"https:\/\/vracattitude.com\/de\/\"},{\"@type\":\"ListItem\",\"position\":2,\"name\":\"Zitat\"}]},{\"@type\":\"WebSite\",\"@id\":\"https:\/\/vracattitude.com\/de\/#website\",\"url\":\"https:\/\/vracattitude.com\/de\/\",\"name\":\"La Vrac Attitude\",\"description\":\"Solution de distribution en vrac z\u00e9ro d\u00e9chet\",\"publisher\":{\"@id\":\"https:\/\/vracattitude.com\/de\/#organization\"},\"potentialAction\":[{\"@type\":\"SearchAction\",\"target\":{\"@type\":\"EntryPoint\",\"urlTemplate\":\"https:\/\/vracattitude.com\/de\/?s={search_term_string}\"},\"query-input\":{\"@type\":\"PropertyValueSpecification\",\"valueRequired\":true,\"valueName\":\"search_term_string\"}}],\"inLanguage\":\"de\"},{\"@type\":\"Organization\",\"@id\":\"https:\/\/vracattitude.com\/de\/#organization\",\"name\":\"Vrac Attitude\",\"url\":\"https:\/\/vracattitude.com\/de\/\",\"logo\":{\"@type\":\"ImageObject\",\"inLanguage\":\"de\",\"@id\":\"https:\/\/vracattitude.com\/de\/#\/schema\/logo\/image\/\",\"url\":\"https:\/\/vracattitude.com\/wp-content\/uploads\/2020\/12\/logo-vracattitude-definitif-CS4_very_small_simplifie.png\",\"contentUrl\":\"https:\/\/vracattitude.com\/wp-content\/uploads\/2020\/12\/logo-vracattitude-definitif-CS4_very_small_simplifie.png\",\"width\":150,\"height\":136,\"caption\":\"Vrac Attitude\"},\"image\":{\"@id\":\"https:\/\/vracattitude.com\/de\/#\/schema\/logo\/image\/\"},\"sameAs\":[\"https:\/\/www.linkedin.com\/in\/jrmie-cazalbou\/\"]}]}<\/script>\n<!-- \/ Yoast SEO plugin. -->","yoast_head_json":{"title":"Angebot anfordern - La Vrac Attitude","description":"Holen Sie sich Ihr pers\u00f6nliches Angebot f\u00fcr kunststofffreie Beh\u00e4lter und Silos aus Edelstahl und Glas.","robots":{"index":"index","follow":"follow","max-snippet":"max-snippet:-1","max-image-preview":"max-image-preview:large","max-video-preview":"max-video-preview:-1"},"canonical":"https:\/\/vracattitude.com\/de\/zitat\/","og_locale":"de_DE","og_type":"article","og_title":"Angebot anfordern - La Vrac Attitude","og_description":"Holen Sie sich Ihr pers\u00f6nliches Angebot f\u00fcr kunststofffreie Beh\u00e4lter und Silos aus Edelstahl und Glas.","og_url":"https:\/\/vracattitude.com\/de\/zitat\/","og_site_name":"La Vrac Attitude","article_modified_time":"2024-06-11T18:13:13+00:00","og_image":[{"width":335,"height":745,"url":"https:\/\/vracattitude.com\/wp-content\/uploads\/2024\/06\/La-Vrac-Attitude-Hulot-sur-silo-20231222.png","type":"image\/png"}],"twitter_card":"summary_large_image","schema":{"@context":"https:\/\/schema.org","@graph":[{"@type":"WebPage","@id":"https:\/\/vracattitude.com\/de\/zitat\/","url":"https:\/\/vracattitude.com\/de\/zitat\/","name":"Angebot anfordern - La Vrac Attitude","isPartOf":{"@id":"https:\/\/vracattitude.com\/de\/#website"},"primaryImageOfPage":{"@id":"https:\/\/vracattitude.com\/de\/zitat\/#primaryimage"},"image":{"@id":"https:\/\/vracattitude.com\/de\/zitat\/#primaryimage"},"thumbnailUrl":"https:\/\/vracattitude.com\/wp-content\/uploads\/2024\/06\/La-Vrac-Attitude-Hulot-sur-silo-20231222.png","datePublished":"2022-04-14T14:55:24+00:00","dateModified":"2024-06-11T18:13:13+00:00","description":"Holen Sie sich Ihr pers\u00f6nliches Angebot f\u00fcr kunststofffreie Beh\u00e4lter und Silos aus Edelstahl und Glas.","breadcrumb":{"@id":"https:\/\/vracattitude.com\/de\/zitat\/#breadcrumb"},"inLanguage":"de","potentialAction":[{"@type":"ReadAction","target":["https:\/\/vracattitude.com\/de\/zitat\/"]}]},{"@type":"ImageObject","inLanguage":"de","@id":"https:\/\/vracattitude.com\/de\/zitat\/#primaryimage","url":"https:\/\/vracattitude.com\/wp-content\/uploads\/2024\/06\/La-Vrac-Attitude-Hulot-sur-silo-20231222.png","contentUrl":"https:\/\/vracattitude.com\/wp-content\/uploads\/2024\/06\/La-Vrac-Attitude-Hulot-sur-silo-20231222.png","width":335,"height":745,"caption":"Option hublot fen\u00eatre sur le module silo"},{"@type":"BreadcrumbList","@id":"https:\/\/vracattitude.com\/de\/zitat\/#breadcrumb","itemListElement":[{"@type":"ListItem","position":1,"name":"Accueil","item":"https:\/\/vracattitude.com\/de\/"},{"@type":"ListItem","position":2,"name":"Zitat"}]},{"@type":"WebSite","@id":"https:\/\/vracattitude.com\/de\/#website","url":"https:\/\/vracattitude.com\/de\/","name":"La Vrac Attitude","description":"Solution de distribution en vrac z\u00e9ro d\u00e9chet","publisher":{"@id":"https:\/\/vracattitude.com\/de\/#organization"},"potentialAction":[{"@type":"SearchAction","target":{"@type":"EntryPoint","urlTemplate":"https:\/\/vracattitude.com\/de\/?s={search_term_string}"},"query-input":{"@type":"PropertyValueSpecification","valueRequired":true,"valueName":"search_term_string"}}],"inLanguage":"de"},{"@type":"Organization","@id":"https:\/\/vracattitude.com\/de\/#organization","name":"Vrac Attitude","url":"https:\/\/vracattitude.com\/de\/","logo":{"@type":"ImageObject","inLanguage":"de","@id":"https:\/\/vracattitude.com\/de\/#\/schema\/logo\/image\/","url":"https:\/\/vracattitude.com\/wp-content\/uploads\/2020\/12\/logo-vracattitude-definitif-CS4_very_small_simplifie.png","contentUrl":"https:\/\/vracattitude.com\/wp-content\/uploads\/2020\/12\/logo-vracattitude-definitif-CS4_very_small_simplifie.png","width":150,"height":136,"caption":"Vrac Attitude"},"image":{"@id":"https:\/\/vracattitude.com\/de\/#\/schema\/logo\/image\/"},"sameAs":["https:\/\/www.linkedin.com\/in\/jrmie-cazalbou\/"]}]}},"_links":{"self":[{"href":"https:\/\/vracattitude.com\/de\/wp-json\/wp\/v2\/pages\/2061","targetHints":{"allow":["GET"]}}],"collection":[{"href":"https:\/\/vracattitude.com\/de\/wp-json\/wp\/v2\/pages"}],"about":[{"href":"https:\/\/vracattitude.com\/de\/wp-json\/wp\/v2\/types\/page"}],"author":[{"embeddable":true,"href":"https:\/\/vracattitude.com\/de\/wp-json\/wp\/v2\/users\/1"}],"replies":[{"embeddable":true,"href":"https:\/\/vracattitude.com\/de\/wp-json\/wp\/v2\/comments?post=2061"}],"version-history":[{"count":4,"href":"https:\/\/vracattitude.com\/de\/wp-json\/wp\/v2\/pages\/2061\/revisions"}],"predecessor-version":[{"id":2567,"href":"https:\/\/vracattitude.com\/de\/wp-json\/wp\/v2\/pages\/2061\/revisions\/2567"}],"wp:featuredmedia":[{"embeddable":true,"href":"https:\/\/vracattitude.com\/de\/wp-json\/wp\/v2\/media\/2563"}],"wp:attachment":[{"href":"https:\/\/vracattitude.com\/de\/wp-json\/wp\/v2\/media?parent=2061"}],"curies":[{"name":"wp","href":"https:\/\/api.w.org\/{rel}","templated":true}]}}